{"id":6705,"date":"2022-09-30T22:33:20","date_gmt":"2022-10-01T01:33:20","guid":{"rendered":"https:\/\/pintureriacenter.com\/wp\/tienda\/sin%20categor\u00eda\/sellagres-natural-x-20lts\/"},"modified":"2026-02-18T20:01:17","modified_gmt":"2026-02-18T23:01:17","slug":"sellagres-natural-x-20lts","status":"publish","type":"product","link":"https:\/\/pintureriacenter.com\/wp\/tienda\/pinturas\/ladrillos\/sellagres-natural-x-20lts\/","title":{"rendered":"SELLAGRES NATURAL X 20LTS"},"content":{"rendered":"<p>SELLAGRES DECORATIVOPARA LADRILLOS<\/p>\n<p>\u2022 Terminaci\u00f3n color satinada.<br \/>\n\u2022 Controla moho, hongos y salitre.<br \/>\n\u2022 Impermeabilizante total<\/p>\n<p>DESCRIPCI\u00d3N<br \/>\nSELLAGRES\u00ae Decorativo es un protector al solvente satinado, que decora y embellece ladrillos, tejas, ceramicos no esmaltados y materiales de frente porosos. Elaborado a base de resinas alqu\u00eddicas modificadas, pigmentos inorg\u00e1nicos, solventes alif\u00e1ticos, aditivos y filtros UV, en un perfecto balance. Por sus tensoactivos penetra profundamente en el sustrato, protegi\u00e9ndolo desde su interior. Es hidrorrepelente y a la vez, la humedad interior sale al exterior en forma de vapor, regulando el contenido de agua e impidiendo la formaci\u00f3n de hongos, moho y verd\u00edn. Mantiene por largo tiempo el aspecto natural de la superficie, con muy f\u00e1cil aplicaci\u00f3n y sencillo mantenimiento.<\/p>\n<p>APLICACI\u00d3N<br \/>\nAgitar el envase.<br \/>\nAplicar con pincel, diluyendo SELLAGRES Decorativo con 25-30% de AGUARRAS 100% PURO PETRILAC\u00ae, asegur\u00e1ndose que penetre sin<br \/>\nformar pel\u00edcula. Dejar secar la primera mano 24 hs y aplicar una segunda mano con igual diluci\u00f3n. No aplicar en d\u00edas lluviosos ni con alta humedad ambiente.<\/p>\n","protected":false},"excerpt":{"rendered":"<p>SELLAGRES DECORATIVOPARA LADRILLOS \u2022 Terminaci\u00f3n color satinada. \u2022 Controla moho, hongos y salitre. \u2022 Impermeabilizante total DESCRIPCI\u00d3N SELLAGRES\u00ae Decorativo es un protector al solvente satinado, que decora y embellece ladrillos, tejas, ceramicos no esmaltados y materiales de frente porosos. Elaborado a base de resinas alqu\u00eddicas modificadas, pigmentos inorg\u00e1nicos, solventes alif\u00e1ticos, aditivos y filtros UV, en [&hellip;]<\/p>\n","protected":false},"featured_media":6317,"template":"","meta":[],"product_brand":[],"product_cat":[171,160],"product_tag":[],"class_list":{"0":"post-6705","1":"product","2":"type-product","3":"status-publish","4":"has-post-thumbnail","6":"product_cat-ladrillos","7":"product_cat-pinturas","9":"first","10":"instock","11":"taxable","12":"shipping-taxable","13":"purchasable","14":"product-type-simple"},"_links":{"self":[{"href":"https:\/\/pintureriacenter.com\/wp\/wp-json\/wp\/v2\/product\/6705","targetHints":{"allow":["GET"]}}],"collection":[{"href":"https:\/\/pintureriacenter.com\/wp\/wp-json\/wp\/v2\/product"}],"about":[{"href":"https:\/\/pintureriacenter.com\/wp\/wp-json\/wp\/v2\/types\/product"}],"wp:featuredmedia":[{"embeddable":true,"href":"https:\/\/pintureriacenter.com\/wp\/wp-json\/wp\/v2\/media\/6317"}],"wp:attachment":[{"href":"https:\/\/pintureriacenter.com\/wp\/wp-json\/wp\/v2\/media?parent=6705"}],"wp:term":[{"taxonomy":"product_brand","embeddable":true,"href":"https:\/\/pintureriacenter.com\/wp\/wp-json\/wp\/v2\/product_brand?post=6705"},{"taxonomy":"product_cat","embeddable":true,"href":"https:\/\/pintureriacenter.com\/wp\/wp-json\/wp\/v2\/product_cat?post=6705"},{"taxonomy":"product_tag","embeddable":true,"href":"https:\/\/pintureriacenter.com\/wp\/wp-json\/wp\/v2\/product_tag?post=6705"}],"curies":[{"name":"wp","href":"https:\/\/api.w.org\/{rel}","templated":true}]}}