{"id":4403,"date":"2022-07-05T15:49:23","date_gmt":"2022-07-05T18:49:23","guid":{"rendered":"https:\/\/pintureriacenter.com\/wp\/tienda\/sin%20categor\u00eda\/primer-p-u-gris-5-a-1-x-3-6lts-farben\/"},"modified":"2025-09-25T14:01:19","modified_gmt":"2025-09-25T17:01:19","slug":"primer-p-u-gris-5-a-1-x-3-6lts-farben","status":"publish","type":"product","link":"https:\/\/pintureriacenter.com\/wp\/tienda\/automotor\/primer\/primer-p-u-gris-5-a-1-x-3-6lts-farben\/","title":{"rendered":"PRIMER P.U. GRIS 5 A 1 X 3.6LTS FARBEN"},"content":{"rendered":"<p>Producto con buena resistencia a los microebullici\u00f3n, excelente relleno y suave al lijar. Utilizado en la preparaci\u00f3n de superficies met\u00e1licas en los segmentos automotriz e industrial.<\/p>\n","protected":false},"excerpt":{"rendered":"<p>Producto con buena resistencia a los microebullici\u00f3n, excelente relleno y suave al lijar. Utilizado en la preparaci\u00f3n de superficies met\u00e1licas en los segmentos automotriz e industrial.<\/p>\n","protected":false},"featured_media":7739,"template":"","meta":[],"product_brand":[],"product_cat":[180,196],"product_tag":[],"class_list":{"0":"post-4403","1":"product","2":"type-product","3":"status-publish","4":"has-post-thumbnail","6":"product_cat-automotor","7":"product_cat-primer","9":"first","10":"instock","11":"taxable","12":"shipping-taxable","13":"purchasable","14":"product-type-simple"},"_links":{"self":[{"href":"https:\/\/pintureriacenter.com\/wp\/wp-json\/wp\/v2\/product\/4403","targetHints":{"allow":["GET"]}}],"collection":[{"href":"https:\/\/pintureriacenter.com\/wp\/wp-json\/wp\/v2\/product"}],"about":[{"href":"https:\/\/pintureriacenter.com\/wp\/wp-json\/wp\/v2\/types\/product"}],"wp:featuredmedia":[{"embeddable":true,"href":"https:\/\/pintureriacenter.com\/wp\/wp-json\/wp\/v2\/media\/7739"}],"wp:attachment":[{"href":"https:\/\/pintureriacenter.com\/wp\/wp-json\/wp\/v2\/media?parent=4403"}],"wp:term":[{"taxonomy":"product_brand","embeddable":true,"href":"https:\/\/pintureriacenter.com\/wp\/wp-json\/wp\/v2\/product_brand?post=4403"},{"taxonomy":"product_cat","embeddable":true,"href":"https:\/\/pintureriacenter.com\/wp\/wp-json\/wp\/v2\/product_cat?post=4403"},{"taxonomy":"product_tag","embeddable":true,"href":"https:\/\/pintureriacenter.com\/wp\/wp-json\/wp\/v2\/product_tag?post=4403"}],"curies":[{"name":"wp","href":"https:\/\/api.w.org\/{rel}","templated":true}]}}