{"id":3971,"date":"2022-07-05T15:22:13","date_gmt":"2022-07-05T18:22:13","guid":{"rendered":"https:\/\/pintureriacenter.com\/wp\/tienda\/sin%20categor\u00eda\/loxon-ld-anti-manchas-satin-deep-x-9lts\/"},"modified":"2026-03-11T08:03:18","modified_gmt":"2026-03-11T11:03:18","slug":"loxon-ld-anti-manchas-satin-deep-x-9lts","status":"publish","type":"product","link":"https:\/\/pintureriacenter.com\/wp\/tienda\/sin-categorizar\/loxon-ld-anti-manchas-satin-deep-x-9lts\/","title":{"rendered":"LOXON LD ANTI MANCHAS SATIN DEEP X 9LTS"},"content":{"rendered":"<p>LOXON LARGA DURACI\u00d3N ANTI-MANCHAS SATINADO es un l\u00e1tex que permite limpiar las manchas m\u00e1s f\u00e1cilmente y ofrece una resistencia superior al frote producido por el lavado. Las manchas se pueden eliminar sin dejar aureolas. Posee una extraordinaria nivelaci\u00f3n y no salpica cuando se aplica con rodillo.<br \/>\n&#8211; F\u00e1cil de Limpiar<br \/>\n&#8211; Excelente Poder Cubritivo<br \/>\n&#8211; S\u00faper Resistente a las Manchas<br \/>\nIdeal para ser aplicado sobre mamposter\u00eda, hormig\u00f3n, ladrillo, fibrocemento, yeso, madera.<\/p>\n<p>Repintado M\u00ednimo: 4 \u2013 6 horas seg\u00fan las condiciones de temperatura y humedad ambiente.<br \/>\nRendimiento: 10 -12 m2 por litro y por man<\/p>\n","protected":false},"excerpt":{"rendered":"<p>LOXON LARGA DURACI\u00d3N ANTI-MANCHAS SATINADO es un l\u00e1tex que permite limpiar las manchas m\u00e1s f\u00e1cilmente y ofrece una resistencia superior al frote producido por el lavado. Las manchas se pueden eliminar sin dejar aureolas. Posee una extraordinaria nivelaci\u00f3n y no salpica cuando se aplica con rodillo. &#8211; F\u00e1cil de Limpiar &#8211; Excelente Poder Cubritivo &#8211; [&hellip;]<\/p>\n","protected":false},"featured_media":6004,"template":"","meta":[],"product_brand":[],"product_cat":[27],"product_tag":[],"class_list":{"0":"post-3971","1":"product","2":"type-product","3":"status-publish","4":"has-post-thumbnail","6":"product_cat-sin-categorizar","8":"first","9":"instock","10":"taxable","11":"shipping-taxable","12":"purchasable","13":"product-type-simple"},"_links":{"self":[{"href":"https:\/\/pintureriacenter.com\/wp\/wp-json\/wp\/v2\/product\/3971","targetHints":{"allow":["GET"]}}],"collection":[{"href":"https:\/\/pintureriacenter.com\/wp\/wp-json\/wp\/v2\/product"}],"about":[{"href":"https:\/\/pintureriacenter.com\/wp\/wp-json\/wp\/v2\/types\/product"}],"wp:featuredmedia":[{"embeddable":true,"href":"https:\/\/pintureriacenter.com\/wp\/wp-json\/wp\/v2\/media\/6004"}],"wp:attachment":[{"href":"https:\/\/pintureriacenter.com\/wp\/wp-json\/wp\/v2\/media?parent=3971"}],"wp:term":[{"taxonomy":"product_brand","embeddable":true,"href":"https:\/\/pintureriacenter.com\/wp\/wp-json\/wp\/v2\/product_brand?post=3971"},{"taxonomy":"product_cat","embeddable":true,"href":"https:\/\/pintureriacenter.com\/wp\/wp-json\/wp\/v2\/product_cat?post=3971"},{"taxonomy":"product_tag","embeddable":true,"href":"https:\/\/pintureriacenter.com\/wp\/wp-json\/wp\/v2\/product_tag?post=3971"}],"curies":[{"name":"wp","href":"https:\/\/api.w.org\/{rel}","templated":true}]}}