{"id":3021,"date":"2022-07-01T19:08:12","date_gmt":"2022-07-01T22:08:12","guid":{"rendered":"https:\/\/pintureriacenter.com\/wp\/tienda\/sin%20categor\u00eda\/latex-intensos-mandarina-x-1lts\/"},"modified":"2026-03-11T08:04:19","modified_gmt":"2026-03-11T11:04:19","slug":"latex-intensos-mandarina-x-1lts","status":"publish","type":"product","link":"https:\/\/pintureriacenter.com\/wp\/tienda\/pinturas\/latex\/latex-interior\/latex-intensos-mandarina-x-1lts\/","title":{"rendered":"LATEX INTENSOS MANDARINA X 1LTS"},"content":{"rendered":"<p>L\u00e1tex lavable mate de f\u00f3rmula exclusiva con pol\u00edmeros acr\u00edlicos fortificados. Se lava como una pintura lavable Premium.<br \/>\n-Ideal si se desea lograr una buena terminaci\u00f3n, con alta resistencia al lavado a un excelente costo.<br \/>\n&#8211; Colores m\u00e1s puros y brillantes.<br \/>\nSiete colores listos para pintar:<br \/>\nGirasol \/ Mandarina \/ Carmes\u00ed \/ Manzana \/ Denim \/ Agata \/ Heliotropo<\/p>\n<p>Calidad Premium<br \/>\nColores m\u00e1s Puros<br \/>\nCubre en dos manos<\/p>\n","protected":false},"excerpt":{"rendered":"<p>L\u00e1tex lavable mate de f\u00f3rmula exclusiva con pol\u00edmeros acr\u00edlicos fortificados. Se lava como una pintura lavable Premium. -Ideal si se desea lograr una buena terminaci\u00f3n, con alta resistencia al lavado a un excelente costo. &#8211; Colores m\u00e1s puros y brillantes. Siete colores listos para pintar: Girasol \/ Mandarina \/ Carmes\u00ed \/ Manzana \/ Denim \/ [&hellip;]<\/p>\n","protected":false},"featured_media":6393,"template":"","meta":[],"product_brand":[],"product_cat":[172,174,160],"product_tag":[],"class_list":{"0":"post-3021","1":"product","2":"type-product","3":"status-publish","4":"has-post-thumbnail","6":"product_cat-latex","7":"product_cat-latex-interior","8":"product_cat-pinturas","10":"first","11":"instock","12":"taxable","13":"shipping-taxable","14":"purchasable","15":"product-type-simple"},"_links":{"self":[{"href":"https:\/\/pintureriacenter.com\/wp\/wp-json\/wp\/v2\/product\/3021","targetHints":{"allow":["GET"]}}],"collection":[{"href":"https:\/\/pintureriacenter.com\/wp\/wp-json\/wp\/v2\/product"}],"about":[{"href":"https:\/\/pintureriacenter.com\/wp\/wp-json\/wp\/v2\/types\/product"}],"wp:featuredmedia":[{"embeddable":true,"href":"https:\/\/pintureriacenter.com\/wp\/wp-json\/wp\/v2\/media\/6393"}],"wp:attachment":[{"href":"https:\/\/pintureriacenter.com\/wp\/wp-json\/wp\/v2\/media?parent=3021"}],"wp:term":[{"taxonomy":"product_brand","embeddable":true,"href":"https:\/\/pintureriacenter.com\/wp\/wp-json\/wp\/v2\/product_brand?post=3021"},{"taxonomy":"product_cat","embeddable":true,"href":"https:\/\/pintureriacenter.com\/wp\/wp-json\/wp\/v2\/product_cat?post=3021"},{"taxonomy":"product_tag","embeddable":true,"href":"https:\/\/pintureriacenter.com\/wp\/wp-json\/wp\/v2\/product_tag?post=3021"}],"curies":[{"name":"wp","href":"https:\/\/api.w.org\/{rel}","templated":true}]}}