{"id":2858,"date":"2022-07-01T19:03:48","date_gmt":"2022-07-01T22:03:48","guid":{"rendered":"https:\/\/pintureriacenter.com\/wp\/tienda\/sin%20categor\u00eda\/netcolor-esm-sint-marfil-x-4-lts\/"},"modified":"2026-03-05T20:02:45","modified_gmt":"2026-03-05T23:02:45","slug":"netcolor-esm-sint-marfil-x-4-lts","status":"publish","type":"product","link":"https:\/\/pintureriacenter.com\/wp\/tienda\/pinturas\/esmaltes-sinteticos\/esmaltes-sinteticos-esmaltes-sinteticos\/netcolor-esm-sint-marfil-x-4-lts\/","title":{"rendered":"NETCOLOR ESMALTE SINTETICO .MARFIL X 4 LTS"},"content":{"rendered":"<p>El esmalte Plus 3, tienen un excelente balance de resinas alqu\u00eddicas, pigmento anticorrosivo y aditivo convertidor de \u00f3xido, que protege al metal de la corrosi\u00f3n, logrando un acabado con alto valor decorativo.<\/p>\n<p>\u2013 Alto brillo<br \/>\n\u2013 Excelente nivelaci\u00f3n<br \/>\n\u2013 Alta resistencia<\/p>\n<p>PRESENTACION: 1\/4, 1\/2, 1, 4 y 20 L<\/p>\n","protected":false},"excerpt":{"rendered":"<p>El esmalte Plus 3, tienen un excelente balance de resinas alqu\u00eddicas, pigmento anticorrosivo y aditivo convertidor de \u00f3xido, que protege al metal de la corrosi\u00f3n, logrando un acabado con alto valor decorativo. \u2013 Alto brillo \u2013 Excelente nivelaci\u00f3n \u2013 Alta resistencia PRESENTACION: 1\/4, 1\/2, 1, 4 y 20 L<\/p>\n","protected":false},"featured_media":6423,"template":"","meta":[],"product_brand":[],"product_cat":[164,168,160],"product_tag":[],"class_list":{"0":"post-2858","1":"product","2":"type-product","3":"status-publish","4":"has-post-thumbnail","6":"product_cat-esmaltes-sinteticos","7":"product_cat-esmaltes-sinteticos-esmaltes-sinteticos","8":"product_cat-pinturas","10":"first","11":"instock","12":"taxable","13":"shipping-taxable","14":"purchasable","15":"product-type-simple"},"_links":{"self":[{"href":"https:\/\/pintureriacenter.com\/wp\/wp-json\/wp\/v2\/product\/2858","targetHints":{"allow":["GET"]}}],"collection":[{"href":"https:\/\/pintureriacenter.com\/wp\/wp-json\/wp\/v2\/product"}],"about":[{"href":"https:\/\/pintureriacenter.com\/wp\/wp-json\/wp\/v2\/types\/product"}],"wp:featuredmedia":[{"embeddable":true,"href":"https:\/\/pintureriacenter.com\/wp\/wp-json\/wp\/v2\/media\/6423"}],"wp:attachment":[{"href":"https:\/\/pintureriacenter.com\/wp\/wp-json\/wp\/v2\/media?parent=2858"}],"wp:term":[{"taxonomy":"product_brand","embeddable":true,"href":"https:\/\/pintureriacenter.com\/wp\/wp-json\/wp\/v2\/product_brand?post=2858"},{"taxonomy":"product_cat","embeddable":true,"href":"https:\/\/pintureriacenter.com\/wp\/wp-json\/wp\/v2\/product_cat?post=2858"},{"taxonomy":"product_tag","embeddable":true,"href":"https:\/\/pintureriacenter.com\/wp\/wp-json\/wp\/v2\/product_tag?post=2858"}],"curies":[{"name":"wp","href":"https:\/\/api.w.org\/{rel}","templated":true}]}}