{"id":1997,"date":"2020-12-23T15:38:44","date_gmt":"2020-12-23T18:38:44","guid":{"rendered":"http:\/\/pintureriacenter.com\/wp\/tienda\/sin%20categor\u00eda\/primer-spectaprimer-hs-gris-x0-9lts\/"},"modified":"2025-12-23T17:01:46","modified_gmt":"2025-12-23T20:01:46","slug":"primer-spectaprimer-hs-gris-x0-9lts","status":"publish","type":"product","link":"https:\/\/pintureriacenter.com\/wp\/tienda\/automotor\/primer\/primer-spectaprimer-hs-gris-x0-9lts\/","title":{"rendered":"PRIMER SPECTAPRIMER HS GRIS X0.9LTS"},"content":{"rendered":"<p>Imprimaci\u00f3n de alto contenido de s\u00f3lidos, excelente adherencia y relleno. Proporciona un lijado s\u00faper suave y sin mapas. Secado r\u00e1pido, 30 minutos. Para peque\u00f1as reparaciones y procesos de pintura m\u00e1s r\u00e1pidos. Complementa el sistema de reparaci\u00f3n r\u00e1pida con Masilla y Barniz<\/p>\n","protected":false},"excerpt":{"rendered":"<p>Imprimaci\u00f3n de alto contenido de s\u00f3lidos, excelente adherencia y relleno. Proporciona un lijado s\u00faper suave y sin mapas. Secado r\u00e1pido, 30 minutos. Para peque\u00f1as reparaciones y procesos de pintura m\u00e1s r\u00e1pidos. Complementa el sistema de reparaci\u00f3n r\u00e1pida con Masilla y Barniz<\/p>\n","protected":false},"featured_media":7739,"template":"","meta":[],"product_brand":[],"product_cat":[180,196],"product_tag":[],"class_list":{"0":"post-1997","1":"product","2":"type-product","3":"status-publish","4":"has-post-thumbnail","6":"product_cat-automotor","7":"product_cat-primer","9":"first","10":"instock","11":"taxable","12":"shipping-taxable","13":"purchasable","14":"product-type-simple"},"_links":{"self":[{"href":"https:\/\/pintureriacenter.com\/wp\/wp-json\/wp\/v2\/product\/1997","targetHints":{"allow":["GET"]}}],"collection":[{"href":"https:\/\/pintureriacenter.com\/wp\/wp-json\/wp\/v2\/product"}],"about":[{"href":"https:\/\/pintureriacenter.com\/wp\/wp-json\/wp\/v2\/types\/product"}],"wp:featuredmedia":[{"embeddable":true,"href":"https:\/\/pintureriacenter.com\/wp\/wp-json\/wp\/v2\/media\/7739"}],"wp:attachment":[{"href":"https:\/\/pintureriacenter.com\/wp\/wp-json\/wp\/v2\/media?parent=1997"}],"wp:term":[{"taxonomy":"product_brand","embeddable":true,"href":"https:\/\/pintureriacenter.com\/wp\/wp-json\/wp\/v2\/product_brand?post=1997"},{"taxonomy":"product_cat","embeddable":true,"href":"https:\/\/pintureriacenter.com\/wp\/wp-json\/wp\/v2\/product_cat?post=1997"},{"taxonomy":"product_tag","embeddable":true,"href":"https:\/\/pintureriacenter.com\/wp\/wp-json\/wp\/v2\/product_tag?post=1997"}],"curies":[{"name":"wp","href":"https:\/\/api.w.org\/{rel}","templated":true}]}}