{"id":1544,"date":"2020-12-07T11:58:47","date_gmt":"2020-12-07T14:58:47","guid":{"rendered":"http:\/\/pintureriacenter.com\/wp\/tienda\/sin%20categor\u00eda\/removedor-gel-penta-x-1kg\/"},"modified":"2026-03-10T17:02:54","modified_gmt":"2026-03-10T20:02:54","slug":"removedor-gel-penta-x-1kg","status":"publish","type":"product","link":"https:\/\/pintureriacenter.com\/wp\/tienda\/accesorios\/lijas-y-abrasivos\/removedor-gel-penta-x-1kg\/","title":{"rendered":"REMOVEDOR GEL PENTA X 1KG"},"content":{"rendered":"<p>\u2022 PENTA\u00ae REMOVEDOR TOTAL remueve pinturas, lacas y barnices aplicados sobre la madera, metal o vidrio. Por su consistencia gel, no chorrea. Puede aplicarse sobre superficies verticales, inclinadas u horizontales. Es lavable con agua, lo que permite su f\u00e1cil extracci\u00f3n sin necesidad de usar solventes.<\/p>\n<p>APLICACION<\/p>\n<p>\u2022 Aplicar con pincel en capa gruesa.<br \/>\n\u2022 Extender con esp\u00e1tula o pincel una capa fina de PENTA\u00ae REMOVEDOR TOTAL sobre la superficie a tratar. Dejar actuar, entre 2 minutos a 15 minutos seg\u00fan el espesor y antig\u00fcedad de la pel\u00edcula.<br \/>\n\u2022 Eliminar la pintura, barniz o laca desprendida con esp\u00e1tula o cepillo o restos de pel\u00edculas viejas, repetir el tratamiento si fuese necesario. Finalmente lavar la superficie tratada con agua. No aplicar con altas temperaturas o bajo sol para evitar su r\u00e1pida evaporaci\u00f3n que le quitar\u00e1 efectividad<\/p>\n","protected":false},"excerpt":{"rendered":"<p>\u2022 PENTA\u00ae REMOVEDOR TOTAL remueve pinturas, lacas y barnices aplicados sobre la madera, metal o vidrio. Por su consistencia gel, no chorrea. Puede aplicarse sobre superficies verticales, inclinadas u horizontales. Es lavable con agua, lo que permite su f\u00e1cil extracci\u00f3n sin necesidad de usar solventes. APLICACION \u2022 Aplicar con pincel en capa gruesa. \u2022 Extender [&hellip;]<\/p>\n","protected":false},"featured_media":6337,"template":"","meta":[],"product_brand":[],"product_cat":[143,146],"product_tag":[],"class_list":{"0":"post-1544","1":"product","2":"type-product","3":"status-publish","4":"has-post-thumbnail","6":"product_cat-accesorios","7":"product_cat-lijas-y-abrasivos","9":"first","10":"instock","11":"taxable","12":"shipping-taxable","13":"purchasable","14":"product-type-simple"},"_links":{"self":[{"href":"https:\/\/pintureriacenter.com\/wp\/wp-json\/wp\/v2\/product\/1544","targetHints":{"allow":["GET"]}}],"collection":[{"href":"https:\/\/pintureriacenter.com\/wp\/wp-json\/wp\/v2\/product"}],"about":[{"href":"https:\/\/pintureriacenter.com\/wp\/wp-json\/wp\/v2\/types\/product"}],"wp:featuredmedia":[{"embeddable":true,"href":"https:\/\/pintureriacenter.com\/wp\/wp-json\/wp\/v2\/media\/6337"}],"wp:attachment":[{"href":"https:\/\/pintureriacenter.com\/wp\/wp-json\/wp\/v2\/media?parent=1544"}],"wp:term":[{"taxonomy":"product_brand","embeddable":true,"href":"https:\/\/pintureriacenter.com\/wp\/wp-json\/wp\/v2\/product_brand?post=1544"},{"taxonomy":"product_cat","embeddable":true,"href":"https:\/\/pintureriacenter.com\/wp\/wp-json\/wp\/v2\/product_cat?post=1544"},{"taxonomy":"product_tag","embeddable":true,"href":"https:\/\/pintureriacenter.com\/wp\/wp-json\/wp\/v2\/product_tag?post=1544"}],"curies":[{"name":"wp","href":"https:\/\/api.w.org\/{rel}","templated":true}]}}