{"id":1493,"date":"2020-12-07T11:58:44","date_gmt":"2020-12-07T14:58:44","guid":{"rendered":"http:\/\/pintureriacenter.com\/wp\/tienda\/sin%20categor\u00eda\/corroles-conv-oxido-rojo-x-1-4lts\/"},"modified":"2026-03-11T08:06:55","modified_gmt":"2026-03-11T11:06:55","slug":"corroles-conv-oxido-rojo-x-1-4lts","status":"publish","type":"product","link":"https:\/\/pintureriacenter.com\/wp\/tienda\/pinturas\/esmaltes-sinteticos\/convertidor-esmalte\/corroles-conv-oxido-rojo-x-1-4lts\/","title":{"rendered":"CORROLES CONV.OXIDO ROJO X 1\/4LTS"},"content":{"rendered":"<p>Corroless\u00ae para Metales detiene el avance del \u00f3xido para convertirlo en una base estable para la pintura de terminaci\u00f3n. Utiliza el doble principio: que el \u00f3xido no progrese en el hierro, por sus pigmentos anticorrosivos especiales,  y  por las cargas minerales laminares; retrasan el avance del agua. Apto para todas las superficies como ser: perfiles, chapas, sillas, mesas, rejas, portones, ventanas. Genera una primera capa de protecci\u00f3n temporaria de hasta 1 mes, pasado este tiempo debe ser recubierto con una pintura sintetica  o  Converlux\u00ae 3 en 1.<\/p>\n","protected":false},"excerpt":{"rendered":"<p>Corroless\u00ae para Metales detiene el avance del \u00f3xido para convertirlo en una base estable para la pintura de terminaci\u00f3n. Utiliza el doble principio: que el \u00f3xido no progrese en el hierro, por sus pigmentos anticorrosivos especiales, y por las cargas minerales laminares; retrasan el avance del agua. Apto para todas las superficies como ser: perfiles, [&hellip;]<\/p>\n","protected":false},"featured_media":6303,"template":"","meta":[],"product_brand":[],"product_cat":[166,164,169,160],"product_tag":[],"class_list":{"0":"post-1493","1":"product","2":"type-product","3":"status-publish","4":"has-post-thumbnail","6":"product_cat-convertidor-esmalte","7":"product_cat-esmaltes-sinteticos","8":"product_cat-fondos","9":"product_cat-pinturas","11":"first","12":"instock","13":"taxable","14":"shipping-taxable","15":"purchasable","16":"product-type-simple"},"_links":{"self":[{"href":"https:\/\/pintureriacenter.com\/wp\/wp-json\/wp\/v2\/product\/1493","targetHints":{"allow":["GET"]}}],"collection":[{"href":"https:\/\/pintureriacenter.com\/wp\/wp-json\/wp\/v2\/product"}],"about":[{"href":"https:\/\/pintureriacenter.com\/wp\/wp-json\/wp\/v2\/types\/product"}],"wp:featuredmedia":[{"embeddable":true,"href":"https:\/\/pintureriacenter.com\/wp\/wp-json\/wp\/v2\/media\/6303"}],"wp:attachment":[{"href":"https:\/\/pintureriacenter.com\/wp\/wp-json\/wp\/v2\/media?parent=1493"}],"wp:term":[{"taxonomy":"product_brand","embeddable":true,"href":"https:\/\/pintureriacenter.com\/wp\/wp-json\/wp\/v2\/product_brand?post=1493"},{"taxonomy":"product_cat","embeddable":true,"href":"https:\/\/pintureriacenter.com\/wp\/wp-json\/wp\/v2\/product_cat?post=1493"},{"taxonomy":"product_tag","embeddable":true,"href":"https:\/\/pintureriacenter.com\/wp\/wp-json\/wp\/v2\/product_tag?post=1493"}],"curies":[{"name":"wp","href":"https:\/\/api.w.org\/{rel}","templated":true}]}}