{"id":1435,"date":"2020-12-07T11:58:38","date_gmt":"2020-12-07T14:58:38","guid":{"rendered":"http:\/\/pintureriacenter.com\/wp\/tienda\/sin%20categor\u00eda\/plastificante-celocrom-satinado-x-4lts\/"},"modified":"2026-03-09T17:03:21","modified_gmt":"2026-03-09T20:03:21","slug":"plastificante-celocrom-satinado-x-4lts","status":"publish","type":"product","link":"https:\/\/pintureriacenter.com\/wp\/tienda\/pinturas\/maderas\/plastificante-celocrom-satinado-x-4lts\/","title":{"rendered":"PLASTIFICANTE CELOCROM SATINADO X 4LTS"},"content":{"rendered":"<p>Caracter\u00edstica:<br \/>\nEs un producto de dos componentes de sobresalientes caracter\u00edsticas destinado a recubrir superficies de madera que ser\u00e1n sometidas a duras exigencias: pisos de parquet, tarugados, muebles de uso intensivo (mesas, estanter\u00edas, sillas), etc<br \/>\n&#8212;&#8212;&#8212;&#8212;&#8212;&#8212;&#8212;&#8212;&#8212;&#8212;&#8212;&#8212;&#8212;&#8212;&#8212;&#8212;&#8212;&#8212;&#8212;&#8211;<br \/>\nRendimiento:<br \/>\n10 m2 por litro y por mano<\/p>\n","protected":false},"excerpt":{"rendered":"<p>Caracter\u00edstica: Es un producto de dos componentes de sobresalientes caracter\u00edsticas destinado a recubrir superficies de madera que ser\u00e1n sometidas a duras exigencias: pisos de parquet, tarugados, muebles de uso intensivo (mesas, estanter\u00edas, sillas), etc &#8212;&#8212;&#8212;&#8212;&#8212;&#8212;&#8212;&#8212;&#8212;&#8212;&#8212;&#8212;&#8212;&#8212;&#8212;&#8212;&#8212;&#8212;&#8212;&#8211; Rendimiento: 10 m2 por litro y por mano<\/p>\n","protected":false},"featured_media":6305,"template":"","meta":[],"product_brand":[],"product_cat":[148,160],"product_tag":[],"class_list":{"0":"post-1435","1":"product","2":"type-product","3":"status-publish","4":"has-post-thumbnail","6":"product_cat-maderas","7":"product_cat-pinturas","9":"first","10":"instock","11":"taxable","12":"shipping-taxable","13":"purchasable","14":"product-type-simple"},"_links":{"self":[{"href":"https:\/\/pintureriacenter.com\/wp\/wp-json\/wp\/v2\/product\/1435","targetHints":{"allow":["GET"]}}],"collection":[{"href":"https:\/\/pintureriacenter.com\/wp\/wp-json\/wp\/v2\/product"}],"about":[{"href":"https:\/\/pintureriacenter.com\/wp\/wp-json\/wp\/v2\/types\/product"}],"wp:featuredmedia":[{"embeddable":true,"href":"https:\/\/pintureriacenter.com\/wp\/wp-json\/wp\/v2\/media\/6305"}],"wp:attachment":[{"href":"https:\/\/pintureriacenter.com\/wp\/wp-json\/wp\/v2\/media?parent=1435"}],"wp:term":[{"taxonomy":"product_brand","embeddable":true,"href":"https:\/\/pintureriacenter.com\/wp\/wp-json\/wp\/v2\/product_brand?post=1435"},{"taxonomy":"product_cat","embeddable":true,"href":"https:\/\/pintureriacenter.com\/wp\/wp-json\/wp\/v2\/product_cat?post=1435"},{"taxonomy":"product_tag","embeddable":true,"href":"https:\/\/pintureriacenter.com\/wp\/wp-json\/wp\/v2\/product_tag?post=1435"}],"curies":[{"name":"wp","href":"https:\/\/api.w.org\/{rel}","templated":true}]}}