{"id":1314,"date":"2020-12-07T11:58:27","date_gmt":"2020-12-07T14:58:27","guid":{"rendered":"http:\/\/pintureriacenter.com\/wp\/tienda\/sin%20categor\u00eda\/direth-stain-brillante-wenge-x-1lts\/"},"modified":"2026-03-02T14:03:07","modified_gmt":"2026-03-02T17:03:07","slug":"direth-stain-brillante-wenge-x-1lts","status":"publish","type":"product","link":"https:\/\/pintureriacenter.com\/wp\/tienda\/pinturas\/maderas\/direth-stain-brillante-wenge-x-1lts\/","title":{"rendered":"DIRETH STAIN BRILLANTE WENGE X 1LTS"},"content":{"rendered":"<p>DIRETH Lasur es un protector decorativo para madera, que una vez aplicado, la conserva manteniendo su textura natural, protegi\u00e9ndola de la acci\u00f3n de los agentes clim\u00e1ticos.<\/p>\n<p>Por su especial formulaci\u00f3n, la adecuada pigmentaci\u00f3n y su combinaci\u00f3n con filtros solares especiales, hace que una vez aplicado en maderas expuestas en exteriores, mantenga la est\u00e9tica de la misma sin cuartearse ni resquebrajarse.<\/p>\n<p>Su delicada textura hace de este producto, una muy c\u00e1lida terminaci\u00f3n en interiores.<\/p>\n<p>Se presenta en versi\u00f3n satinado y brillante.<\/p>\n<p>Colores Lasur Satinado: Cristal, Natural, Roble, Cedro, Nogal, Caoba, Wengue.<\/p>\n<p>Colores Lasur Brillante: Natural, Roble, Cedro, Nogal, Caoba, Wengue.<\/p>\n","protected":false},"excerpt":{"rendered":"<p>DIRETH Lasur es un protector decorativo para madera, que una vez aplicado, la conserva manteniendo su textura natural, protegi\u00e9ndola de la acci\u00f3n de los agentes clim\u00e1ticos. Por su especial formulaci\u00f3n, la adecuada pigmentaci\u00f3n y su combinaci\u00f3n con filtros solares especiales, hace que una vez aplicado en maderas expuestas en exteriores, mantenga la est\u00e9tica de la [&hellip;]<\/p>\n","protected":false},"featured_media":6239,"template":"","meta":[],"product_brand":[],"product_cat":[148,160],"product_tag":[],"class_list":{"0":"post-1314","1":"product","2":"type-product","3":"status-publish","4":"has-post-thumbnail","6":"product_cat-maderas","7":"product_cat-pinturas","9":"first","10":"instock","11":"taxable","12":"shipping-taxable","13":"purchasable","14":"product-type-simple"},"_links":{"self":[{"href":"https:\/\/pintureriacenter.com\/wp\/wp-json\/wp\/v2\/product\/1314","targetHints":{"allow":["GET"]}}],"collection":[{"href":"https:\/\/pintureriacenter.com\/wp\/wp-json\/wp\/v2\/product"}],"about":[{"href":"https:\/\/pintureriacenter.com\/wp\/wp-json\/wp\/v2\/types\/product"}],"wp:featuredmedia":[{"embeddable":true,"href":"https:\/\/pintureriacenter.com\/wp\/wp-json\/wp\/v2\/media\/6239"}],"wp:attachment":[{"href":"https:\/\/pintureriacenter.com\/wp\/wp-json\/wp\/v2\/media?parent=1314"}],"wp:term":[{"taxonomy":"product_brand","embeddable":true,"href":"https:\/\/pintureriacenter.com\/wp\/wp-json\/wp\/v2\/product_brand?post=1314"},{"taxonomy":"product_cat","embeddable":true,"href":"https:\/\/pintureriacenter.com\/wp\/wp-json\/wp\/v2\/product_cat?post=1314"},{"taxonomy":"product_tag","embeddable":true,"href":"https:\/\/pintureriacenter.com\/wp\/wp-json\/wp\/v2\/product_tag?post=1314"}],"curies":[{"name":"wp","href":"https:\/\/api.w.org\/{rel}","templated":true}]}}